{"id":162,"date":"2025-01-02T14:47:38","date_gmt":"2025-01-02T13:47:38","guid":{"rendered":"https:\/\/durak-peinture.fr\/?page_id=162"},"modified":"2025-01-03T14:17:03","modified_gmt":"2025-01-03T13:17:03","slug":"elementor-162","status":"publish","type":"page","link":"https:\/\/durak-peinture.fr\/index.php\/elementor-162\/","title":{"rendered":"Nos r\u00e9alisations"},"content":{"rendered":"\t\t<div data-elementor-type=\"wp-page\" data-elementor-id=\"162\" class=\"elementor elementor-162\">\n\t\t\t\t\t\t<section class=\"elementor-section elementor-top-section elementor-element elementor-element-8df8e5b elementor-section-boxed elementor-section-height-default elementor-section-height-default\" data-id=\"8df8e5b\" data-element_type=\"section\">\n\t\t\t\t\t\t<div class=\"elementor-container elementor-column-gap-default\">\n\t\t\t\t\t<div class=\"elementor-column elementor-col-100 elementor-top-column elementor-element elementor-element-ee4bec5\" data-id=\"ee4bec5\" data-element_type=\"column\">\n\t\t\t<div class=\"elementor-widget-wrap\">\n\t\t\t\t\t\t\t<\/div>\n\t\t<\/div>\n\t\t\t\t\t<\/div>\n\t\t<\/section>\n\t\t\t\t<section class=\"elementor-section elementor-top-section elementor-element elementor-element-9ce2cf5 elementor-section-boxed elementor-section-height-default elementor-section-height-default\" data-id=\"9ce2cf5\" data-element_type=\"section\">\n\t\t\t\t\t\t<div class=\"elementor-container elementor-column-gap-default\">\n\t\t\t\t\t<div class=\"elementor-column elementor-col-100 elementor-top-column elementor-element elementor-element-4e28e1d\" data-id=\"4e28e1d\" data-element_type=\"column\">\n\t\t\t<div class=\"elementor-widget-wrap elementor-element-populated\">\n\t\t\t\t\t\t<div class=\"elementor-element elementor-element-e948f7e elementor-widget elementor-widget-heading\" data-id=\"e948f7e\" data-element_type=\"widget\" data-widget_type=\"heading.default\">\n\t\t\t\t<div class=\"elementor-widget-container\">\n\t\t\t\t\t<h1 class=\"elementor-heading-title elementor-size-default\">Retrouvez toutes nos r\u00e9alisations <\/h1>\t\t\t\t<\/div>\n\t\t\t\t<\/div>\n\t\t\t\t<div class=\"elementor-element elementor-element-c9c9dbe elementor-widget-divider--view-line elementor-widget elementor-widget-divider\" data-id=\"c9c9dbe\" data-element_type=\"widget\" data-widget_type=\"divider.default\">\n\t\t\t\t<div class=\"elementor-widget-container\">\n\t\t\t\t\t\t\t<div class=\"elementor-divider\">\n\t\t\t<span class=\"elementor-divider-separator\">\n\t\t\t\t\t\t<\/span>\n\t\t<\/div>\n\t\t\t\t\t\t<\/div>\n\t\t\t\t<\/div>\n\t\t\t\t\t<\/div>\n\t\t<\/div>\n\t\t\t\t\t<\/div>\n\t\t<\/section>\n\t\t\t\t<section class=\"elementor-section elementor-top-section elementor-element elementor-element-da614af elementor-section-full_width elementor-section-height-default elementor-section-height-default\" data-id=\"da614af\" data-element_type=\"section\">\n\t\t\t\t\t\t<div class=\"elementor-container elementor-column-gap-default\">\n\t\t\t\t\t<div class=\"elementor-column elementor-col-33 elementor-top-column elementor-element elementor-element-37a6734\" data-id=\"37a6734\" data-element_type=\"column\">\n\t\t\t<div class=\"elementor-widget-wrap elementor-element-populated\">\n\t\t\t\t\t\t<div class=\"elementor-element elementor-element-f96f504 elementor-widget elementor-widget-image\" data-id=\"f96f504\" data-element_type=\"widget\" data-widget_type=\"image.default\">\n\t\t\t\t<div class=\"elementor-widget-container\">\n\t\t\t\t\t\t\t\t\t\t\t\t<figure class=\"wp-caption\">\n\t\t\t\t\t\t\t\t\t\t\t<a href=\"https:\/\/durak-peinture.fr\/index.php\/peinture-exterieur\/\">\n\t\t\t\t\t\t\t<img fetchpriority=\"high\" decoding=\"async\" width=\"1024\" height=\"1024\" src=\"https:\/\/durak-peinture.fr\/wp-content\/uploads\/2024\/12\/chantier-3-1024x1024-1-1.png\" class=\"attachment-full size-full wp-image-143\" alt=\"\" srcset=\"https:\/\/durak-peinture.fr\/wp-content\/uploads\/2024\/12\/chantier-3-1024x1024-1-1.png 1024w, https:\/\/durak-peinture.fr\/wp-content\/uploads\/2024\/12\/chantier-3-1024x1024-1-1-300x300.png 300w, https:\/\/durak-peinture.fr\/wp-content\/uploads\/2024\/12\/chantier-3-1024x1024-1-1-150x150.png 150w, https:\/\/durak-peinture.fr\/wp-content\/uploads\/2024\/12\/chantier-3-1024x1024-1-1-768x768.png 768w\" sizes=\"(max-width: 1024px) 100vw, 1024px\" \/>\t\t\t\t\t\t\t\t<\/a>\n\t\t\t\t\t\t\t\t\t\t\t<figcaption class=\"widget-image-caption wp-caption-text\">Peinture ext\u00e9rieur<\/figcaption>\n\t\t\t\t\t\t\t\t\t\t<\/figure>\n\t\t\t\t\t\t\t\t\t<\/div>\n\t\t\t\t<\/div>\n\t\t\t\t\t<\/div>\n\t\t<\/div>\n\t\t\t\t<div class=\"elementor-column elementor-col-33 elementor-top-column elementor-element elementor-element-5c7e775\" data-id=\"5c7e775\" data-element_type=\"column\">\n\t\t\t<div class=\"elementor-widget-wrap elementor-element-populated\">\n\t\t\t\t\t\t<div class=\"elementor-element elementor-element-4319d4f elementor-widget elementor-widget-image\" data-id=\"4319d4f\" data-element_type=\"widget\" data-widget_type=\"image.default\">\n\t\t\t\t<div class=\"elementor-widget-container\">\n\t\t\t\t\t\t\t\t\t\t\t\t<figure class=\"wp-caption\">\n\t\t\t\t\t\t\t\t\t\t\t<a href=\"https:\/\/durak-peinture.fr\/index.php\/peinture-interieur\/\">\n\t\t\t\t\t\t\t<img decoding=\"async\" width=\"1024\" height=\"1024\" src=\"https:\/\/durak-peinture.fr\/wp-content\/uploads\/2024\/12\/chantier-4-1024x1024-1.png\" class=\"attachment-full size-full wp-image-126\" alt=\"\" srcset=\"https:\/\/durak-peinture.fr\/wp-content\/uploads\/2024\/12\/chantier-4-1024x1024-1.png 1024w, https:\/\/durak-peinture.fr\/wp-content\/uploads\/2024\/12\/chantier-4-1024x1024-1-300x300.png 300w, https:\/\/durak-peinture.fr\/wp-content\/uploads\/2024\/12\/chantier-4-1024x1024-1-150x150.png 150w, https:\/\/durak-peinture.fr\/wp-content\/uploads\/2024\/12\/chantier-4-1024x1024-1-768x768.png 768w\" sizes=\"(max-width: 1024px) 100vw, 1024px\" \/>\t\t\t\t\t\t\t\t<\/a>\n\t\t\t\t\t\t\t\t\t\t\t<figcaption class=\"widget-image-caption wp-caption-text\">Peinture int\u00e9rieur<\/figcaption>\n\t\t\t\t\t\t\t\t\t\t<\/figure>\n\t\t\t\t\t\t\t\t\t<\/div>\n\t\t\t\t<\/div>\n\t\t\t\t\t<\/div>\n\t\t<\/div>\n\t\t\t\t<div class=\"elementor-column elementor-col-33 elementor-top-column elementor-element elementor-element-5f58a74\" data-id=\"5f58a74\" data-element_type=\"column\">\n\t\t\t<div class=\"elementor-widget-wrap elementor-element-populated\">\n\t\t\t\t\t\t<div class=\"elementor-element elementor-element-0bf1f9e elementor-widget elementor-widget-image\" data-id=\"0bf1f9e\" data-element_type=\"widget\" data-widget_type=\"image.default\">\n\t\t\t\t<div class=\"elementor-widget-container\">\n\t\t\t\t\t\t\t\t\t\t\t\t<figure class=\"wp-caption\">\n\t\t\t\t\t\t\t\t\t\t\t<a href=\"https:\/\/durak-peinture.fr\/index.php\/agence-axa\/\">\n\t\t\t\t\t\t\t<img decoding=\"async\" width=\"1024\" height=\"1024\" src=\"https:\/\/durak-peinture.fr\/wp-content\/uploads\/2024\/12\/chantier-5-1024x1024-1-1.png\" class=\"attachment-full size-full wp-image-141\" alt=\"\" srcset=\"https:\/\/durak-peinture.fr\/wp-content\/uploads\/2024\/12\/chantier-5-1024x1024-1-1.png 1024w, https:\/\/durak-peinture.fr\/wp-content\/uploads\/2024\/12\/chantier-5-1024x1024-1-1-300x300.png 300w, https:\/\/durak-peinture.fr\/wp-content\/uploads\/2024\/12\/chantier-5-1024x1024-1-1-150x150.png 150w, https:\/\/durak-peinture.fr\/wp-content\/uploads\/2024\/12\/chantier-5-1024x1024-1-1-768x768.png 768w\" sizes=\"(max-width: 1024px) 100vw, 1024px\" \/>\t\t\t\t\t\t\t\t<\/a>\n\t\t\t\t\t\t\t\t\t\t\t<figcaption class=\"widget-image-caption wp-caption-text\">Agence AXA<\/figcaption>\n\t\t\t\t\t\t\t\t\t\t<\/figure>\n\t\t\t\t\t\t\t\t\t<\/div>\n\t\t\t\t<\/div>\n\t\t\t\t\t<\/div>\n\t\t<\/div>\n\t\t\t\t\t<\/div>\n\t\t<\/section>\n\t\t\t\t<section class=\"elementor-section elementor-top-section elementor-element elementor-element-00cb523 elementor-section-boxed elementor-section-height-default elementor-section-height-default\" data-id=\"00cb523\" data-element_type=\"section\">\n\t\t\t\t\t\t<div class=\"elementor-container elementor-column-gap-default\">\n\t\t\t\t\t<div class=\"elementor-column elementor-col-100 elementor-top-column elementor-element elementor-element-5086810\" data-id=\"5086810\" data-element_type=\"column\">\n\t\t\t<div class=\"elementor-widget-wrap elementor-element-populated\">\n\t\t\t\t\t\t<div class=\"elementor-element elementor-element-5ffb386 elementor-widget elementor-widget-text-editor\" data-id=\"5ffb386\" data-element_type=\"widget\" data-widget_type=\"text-editor.default\">\n\t\t\t\t<div class=\"elementor-widget-container\">\n\t\t\t\t\t\t\t\t\t<p>Nous travaillons \u00e9galement avec des promoteurs immobiliers, des bailleurs sociaux pour des lotissements, etc\u2026<\/p>\t\t\t\t\t\t\t\t<\/div>\n\t\t\t\t<\/div>\n\t\t\t\t\t<\/div>\n\t\t<\/div>\n\t\t\t\t\t<\/div>\n\t\t<\/section>\n\t\t\t\t<\/div>\n\t\t","protected":false},"excerpt":{"rendered":"<p>Retrouvez toutes nos r\u00e9alisations Peinture ext\u00e9rieur Peinture int\u00e9rieur Agence AXA Nous travaillons \u00e9galement avec des promoteurs immobiliers, des bailleurs sociaux pour des lotissements, etc\u2026<\/p>\n","protected":false},"author":1,"featured_media":0,"parent":0,"menu_order":0,"comment_status":"closed","ping_status":"closed","template":"","meta":{"saved_in_kubio":false,"footnotes":""},"class_list":["post-162","page","type-page","status-publish","hentry"],"kubio_ai_page_context":{"short_desc":"","purpose":"general"},"yoast_head":"<!-- This site is optimized with the Yoast SEO plugin v26.0 - https:\/\/yoast.com\/wordpress\/plugins\/seo\/ -->\n<title>Nos r\u00e9alisations - Durak Peinture<\/title>\n<meta name=\"robots\" content=\"index, follow, max-snippet:-1, max-image-preview:large, max-video-preview:-1\" \/>\n<link rel=\"canonical\" href=\"http:\/\/durak-peinture.fr\/index.php\/elementor-162\/\" \/>\n<meta property=\"og:locale\" content=\"fr_FR\" \/>\n<meta property=\"og:type\" content=\"article\" \/>\n<meta property=\"og:title\" content=\"Nos r\u00e9alisations - Durak Peinture\" \/>\n<meta property=\"og:description\" content=\"Retrouvez toutes nos r\u00e9alisations Peinture ext\u00e9rieur Peinture int\u00e9rieur Agence AXA Nous travaillons \u00e9galement avec des promoteurs immobiliers, des bailleurs sociaux pour des lotissements, etc\u2026\" \/>\n<meta property=\"og:url\" content=\"http:\/\/durak-peinture.fr\/index.php\/elementor-162\/\" \/>\n<meta property=\"og:site_name\" content=\"Durak Peinture\" \/>\n<meta property=\"article:modified_time\" content=\"2025-01-03T13:17:03+00:00\" \/>\n<meta property=\"og:image\" content=\"http:\/\/durak-peinture.fr\/wp-content\/uploads\/2024\/12\/chantier-3-1024x1024-1-1.png\" \/>\n<meta name=\"twitter:card\" content=\"summary_large_image\" \/>\n<script type=\"application\/ld+json\" class=\"yoast-schema-graph\">{\"@context\":\"https:\/\/schema.org\",\"@graph\":[{\"@type\":\"WebPage\",\"@id\":\"http:\/\/durak-peinture.fr\/index.php\/elementor-162\/\",\"url\":\"http:\/\/durak-peinture.fr\/index.php\/elementor-162\/\",\"name\":\"Nos r\u00e9alisations - Durak Peinture\",\"isPartOf\":{\"@id\":\"https:\/\/durak-peinture.fr\/#website\"},\"primaryImageOfPage\":{\"@id\":\"http:\/\/durak-peinture.fr\/index.php\/elementor-162\/#primaryimage\"},\"image\":{\"@id\":\"http:\/\/durak-peinture.fr\/index.php\/elementor-162\/#primaryimage\"},\"thumbnailUrl\":\"http:\/\/durak-peinture.fr\/wp-content\/uploads\/2024\/12\/chantier-3-1024x1024-1-1.png\",\"datePublished\":\"2025-01-02T13:47:38+00:00\",\"dateModified\":\"2025-01-03T13:17:03+00:00\",\"breadcrumb\":{\"@id\":\"http:\/\/durak-peinture.fr\/index.php\/elementor-162\/#breadcrumb\"},\"inLanguage\":\"fr-FR\",\"potentialAction\":[{\"@type\":\"ReadAction\",\"target\":[\"http:\/\/durak-peinture.fr\/index.php\/elementor-162\/\"]}]},{\"@type\":\"ImageObject\",\"inLanguage\":\"fr-FR\",\"@id\":\"http:\/\/durak-peinture.fr\/index.php\/elementor-162\/#primaryimage\",\"url\":\"https:\/\/durak-peinture.fr\/wp-content\/uploads\/2024\/12\/chantier-3-1024x1024-1-1.png\",\"contentUrl\":\"https:\/\/durak-peinture.fr\/wp-content\/uploads\/2024\/12\/chantier-3-1024x1024-1-1.png\",\"width\":1024,\"height\":1024,\"caption\":\"PEINTURE FA\u00c7ADE\"},{\"@type\":\"BreadcrumbList\",\"@id\":\"http:\/\/durak-peinture.fr\/index.php\/elementor-162\/#breadcrumb\",\"itemListElement\":[{\"@type\":\"ListItem\",\"position\":1,\"name\":\"Accueil\",\"item\":\"https:\/\/durak-peinture.fr\/\"},{\"@type\":\"ListItem\",\"position\":2,\"name\":\"Nos r\u00e9alisations\"}]},{\"@type\":\"WebSite\",\"@id\":\"https:\/\/durak-peinture.fr\/#website\",\"url\":\"https:\/\/durak-peinture.fr\/\",\"name\":\"Durak Peinture\",\"description\":\"\",\"publisher\":{\"@id\":\"https:\/\/durak-peinture.fr\/#organization\"},\"potentialAction\":[{\"@type\":\"SearchAction\",\"target\":{\"@type\":\"EntryPoint\",\"urlTemplate\":\"https:\/\/durak-peinture.fr\/?s={search_term_string}\"},\"query-input\":{\"@type\":\"PropertyValueSpecification\",\"valueRequired\":true,\"valueName\":\"search_term_string\"}}],\"inLanguage\":\"fr-FR\"},{\"@type\":\"Organization\",\"@id\":\"https:\/\/durak-peinture.fr\/#organization\",\"name\":\"Durak Peinture\",\"url\":\"https:\/\/durak-peinture.fr\/\",\"logo\":{\"@type\":\"ImageObject\",\"inLanguage\":\"fr-FR\",\"@id\":\"https:\/\/durak-peinture.fr\/#\/schema\/logo\/image\/\",\"url\":\"https:\/\/durak-peinture.fr\/wp-content\/uploads\/2024\/12\/LOGOWW-1-removebg-preview.png\",\"contentUrl\":\"https:\/\/durak-peinture.fr\/wp-content\/uploads\/2024\/12\/LOGOWW-1-removebg-preview.png\",\"width\":594,\"height\":420,\"caption\":\"Durak Peinture\"},\"image\":{\"@id\":\"https:\/\/durak-peinture.fr\/#\/schema\/logo\/image\/\"}}]}<\/script>\n<!-- \/ Yoast SEO plugin. -->","yoast_head_json":{"title":"Nos r\u00e9alisations - Durak Peinture","robots":{"index":"index","follow":"follow","max-snippet":"max-snippet:-1","max-image-preview":"max-image-preview:large","max-video-preview":"max-video-preview:-1"},"canonical":"http:\/\/durak-peinture.fr\/index.php\/elementor-162\/","og_locale":"fr_FR","og_type":"article","og_title":"Nos r\u00e9alisations - Durak Peinture","og_description":"Retrouvez toutes nos r\u00e9alisations Peinture ext\u00e9rieur Peinture int\u00e9rieur Agence AXA Nous travaillons \u00e9galement avec des promoteurs immobiliers, des bailleurs sociaux pour des lotissements, etc\u2026","og_url":"http:\/\/durak-peinture.fr\/index.php\/elementor-162\/","og_site_name":"Durak Peinture","article_modified_time":"2025-01-03T13:17:03+00:00","og_image":[{"url":"http:\/\/durak-peinture.fr\/wp-content\/uploads\/2024\/12\/chantier-3-1024x1024-1-1.png","type":"","width":"","height":""}],"twitter_card":"summary_large_image","schema":{"@context":"https:\/\/schema.org","@graph":[{"@type":"WebPage","@id":"http:\/\/durak-peinture.fr\/index.php\/elementor-162\/","url":"http:\/\/durak-peinture.fr\/index.php\/elementor-162\/","name":"Nos r\u00e9alisations - Durak Peinture","isPartOf":{"@id":"https:\/\/durak-peinture.fr\/#website"},"primaryImageOfPage":{"@id":"http:\/\/durak-peinture.fr\/index.php\/elementor-162\/#primaryimage"},"image":{"@id":"http:\/\/durak-peinture.fr\/index.php\/elementor-162\/#primaryimage"},"thumbnailUrl":"http:\/\/durak-peinture.fr\/wp-content\/uploads\/2024\/12\/chantier-3-1024x1024-1-1.png","datePublished":"2025-01-02T13:47:38+00:00","dateModified":"2025-01-03T13:17:03+00:00","breadcrumb":{"@id":"http:\/\/durak-peinture.fr\/index.php\/elementor-162\/#breadcrumb"},"inLanguage":"fr-FR","potentialAction":[{"@type":"ReadAction","target":["http:\/\/durak-peinture.fr\/index.php\/elementor-162\/"]}]},{"@type":"ImageObject","inLanguage":"fr-FR","@id":"http:\/\/durak-peinture.fr\/index.php\/elementor-162\/#primaryimage","url":"https:\/\/durak-peinture.fr\/wp-content\/uploads\/2024\/12\/chantier-3-1024x1024-1-1.png","contentUrl":"https:\/\/durak-peinture.fr\/wp-content\/uploads\/2024\/12\/chantier-3-1024x1024-1-1.png","width":1024,"height":1024,"caption":"PEINTURE FA\u00c7ADE"},{"@type":"BreadcrumbList","@id":"http:\/\/durak-peinture.fr\/index.php\/elementor-162\/#breadcrumb","itemListElement":[{"@type":"ListItem","position":1,"name":"Accueil","item":"https:\/\/durak-peinture.fr\/"},{"@type":"ListItem","position":2,"name":"Nos r\u00e9alisations"}]},{"@type":"WebSite","@id":"https:\/\/durak-peinture.fr\/#website","url":"https:\/\/durak-peinture.fr\/","name":"Durak Peinture","description":"","publisher":{"@id":"https:\/\/durak-peinture.fr\/#organization"},"potentialAction":[{"@type":"SearchAction","target":{"@type":"EntryPoint","urlTemplate":"https:\/\/durak-peinture.fr\/?s={search_term_string}"},"query-input":{"@type":"PropertyValueSpecification","valueRequired":true,"valueName":"search_term_string"}}],"inLanguage":"fr-FR"},{"@type":"Organization","@id":"https:\/\/durak-peinture.fr\/#organization","name":"Durak Peinture","url":"https:\/\/durak-peinture.fr\/","logo":{"@type":"ImageObject","inLanguage":"fr-FR","@id":"https:\/\/durak-peinture.fr\/#\/schema\/logo\/image\/","url":"https:\/\/durak-peinture.fr\/wp-content\/uploads\/2024\/12\/LOGOWW-1-removebg-preview.png","contentUrl":"https:\/\/durak-peinture.fr\/wp-content\/uploads\/2024\/12\/LOGOWW-1-removebg-preview.png","width":594,"height":420,"caption":"Durak Peinture"},"image":{"@id":"https:\/\/durak-peinture.fr\/#\/schema\/logo\/image\/"}}]}},"_links":{"self":[{"href":"https:\/\/durak-peinture.fr\/index.php\/wp-json\/wp\/v2\/pages\/162","targetHints":{"allow":["GET"]}}],"collection":[{"href":"https:\/\/durak-peinture.fr\/index.php\/wp-json\/wp\/v2\/pages"}],"about":[{"href":"https:\/\/durak-peinture.fr\/index.php\/wp-json\/wp\/v2\/types\/page"}],"author":[{"embeddable":true,"href":"https:\/\/durak-peinture.fr\/index.php\/wp-json\/wp\/v2\/users\/1"}],"replies":[{"embeddable":true,"href":"https:\/\/durak-peinture.fr\/index.php\/wp-json\/wp\/v2\/comments?post=162"}],"version-history":[{"count":16,"href":"https:\/\/durak-peinture.fr\/index.php\/wp-json\/wp\/v2\/pages\/162\/revisions"}],"predecessor-version":[{"id":268,"href":"https:\/\/durak-peinture.fr\/index.php\/wp-json\/wp\/v2\/pages\/162\/revisions\/268"}],"wp:attachment":[{"href":"https:\/\/durak-peinture.fr\/index.php\/wp-json\/wp\/v2\/media?parent=162"}],"curies":[{"name":"wp","href":"https:\/\/api.w.org\/{rel}","templated":true}]}}